{"id":1152,"date":"2020-05-22T16:08:00","date_gmt":"2020-05-22T14:08:00","guid":{"rendered":"https:\/\/www.grrroh.fr\/?page_id=1152"},"modified":"2022-12-08T12:06:33","modified_gmt":"2022-12-08T11:06:33","slug":"sites-partenaires","status":"publish","type":"page","link":"https:\/\/www.grrroh.fr\/en\/sites-partenaires","title":{"rendered":"Our partners"},"content":{"rendered":"\n<div class=\"wp-block-media-text alignwide is-stacked-on-mobile\"><figure class=\"wp-block-media-text__media\"><a href=\"https:\/\/aer-congres.com\/\"><img loading=\"lazy\" decoding=\"async\" width=\"591\" height=\"592\" src=\"https:\/\/www.grrroh.fr\/wp-content\/uploads\/2020\/05\/AER_LOGOTYPE_RVB_COULEUR.png\" alt=\"\" class=\"wp-image-1153\" srcset=\"https:\/\/www.grrroh.fr\/wp-content\/uploads\/2020\/05\/AER_LOGOTYPE_RVB_COULEUR.png 591w, https:\/\/www.grrroh.fr\/wp-content\/uploads\/2020\/05\/AER_LOGOTYPE_RVB_COULEUR-300x300.png 300w, https:\/\/www.grrroh.fr\/wp-content\/uploads\/2020\/05\/AER_LOGOTYPE_RVB_COULEUR-150x150.png 150w\" sizes=\"auto, (max-width: 591px) 85vw, 591px\" \/><\/a><\/figure><div class=\"wp-block-media-text__content\">\n<p style=\"font-size:25px\">AER congress website<\/p>\n<\/div><\/div>\n\n\n\n<div class=\"wp-block-media-text alignwide is-stacked-on-mobile\"><figure class=\"wp-block-media-text__media\"><a href=\"https:\/\/www.srlf.org\/\"><img loading=\"lazy\" decoding=\"async\" width=\"464\" height=\"184\" src=\"https:\/\/www.grrroh.fr\/wp-content\/uploads\/2020\/05\/SRLF_logotype.jpg\" alt=\"\" class=\"wp-image-1155\" srcset=\"https:\/\/www.grrroh.fr\/wp-content\/uploads\/2020\/05\/SRLF_logotype.jpg 464w, https:\/\/www.grrroh.fr\/wp-content\/uploads\/2020\/05\/SRLF_logotype-300x119.jpg 300w\" sizes=\"auto, (max-width: 464px) 85vw, 464px\" \/><\/a><\/figure><div class=\"wp-block-media-text__content\">\n<p style=\"font-size:25px\">Soci\u00e9t\u00e9 de R\u00e9animation de Langue Fran\u00e7aise<\/p>\n<\/div><\/div>\n","protected":false},"excerpt":{"rendered":"<p>AER congress website Soci\u00e9t\u00e9 de R\u00e9animation de Langue Fran\u00e7aise<\/p>\n","protected":false},"author":3,"featured_media":0,"parent":0,"menu_order":0,"comment_status":"closed","ping_status":"closed","template":"","meta":{"advgb_blocks_editor_width":"","advgb_blocks_columns_visual_guide":"","footnotes":""},"class_list":["post-1152","page","type-page","status-publish","hentry"],"yoast_head":"<!-- This site is optimized with the Yoast SEO plugin v27.4 - https:\/\/yoast.com\/product\/yoast-seo-wordpress\/ -->\n<title>Our partners<\/title>\n<meta name=\"robots\" content=\"index, follow, max-snippet:-1, max-image-preview:large, max-video-preview:-1\" \/>\n<link rel=\"canonical\" href=\"https:\/\/www.grrroh.fr\/en\/sites-partenaires\" \/>\n<meta property=\"og:locale\" content=\"en_US\" \/>\n<meta property=\"og:locale:alternate\" content=\"fr_FR\" \/>\n<meta property=\"og:type\" content=\"article\" \/>\n<meta property=\"og:title\" content=\"Our partners\" \/>\n<meta property=\"og:description\" content=\"AER congress website Soci\u00e9t\u00e9 de R\u00e9animation de Langue Fran\u00e7aise\" \/>\n<meta property=\"og:url\" content=\"https:\/\/www.grrroh.fr\/en\/sites-partenaires\" \/>\n<meta property=\"og:site_name\" content=\"GrrrOH\" \/>\n<meta property=\"article:publisher\" content=\"https:\/\/www.facebook.com\/permalink.php\/?story_fbid=104359804633887&amp;id=104359294633938\" \/>\n<meta property=\"article:modified_time\" content=\"2022-12-08T11:06:33+00:00\" \/>\n<meta property=\"og:image\" content=\"https:\/\/www.grrroh.fr\/wp-content\/uploads\/2020\/05\/AER_LOGOTYPE_RVB_COULEUR.png\" \/>\n<meta name=\"twitter:card\" content=\"summary_large_image\" \/>\n<script type=\"application\/ld+json\" class=\"yoast-schema-graph\">{\"@context\":\"https:\\\/\\\/schema.org\",\"@graph\":[{\"@type\":\"WebPage\",\"@id\":\"https:\\\/\\\/www.grrroh.fr\\\/sites-partenaires\",\"url\":\"https:\\\/\\\/www.grrroh.fr\\\/sites-partenaires\",\"name\":\"Our partners\",\"isPartOf\":{\"@id\":\"https:\\\/\\\/www.grrroh.fr\\\/#website\"},\"primaryImageOfPage\":{\"@id\":\"https:\\\/\\\/www.grrroh.fr\\\/sites-partenaires#primaryimage\"},\"image\":{\"@id\":\"https:\\\/\\\/www.grrroh.fr\\\/sites-partenaires#primaryimage\"},\"thumbnailUrl\":\"https:\\\/\\\/www.grrroh.fr\\\/wp-content\\\/uploads\\\/2020\\\/05\\\/AER_LOGOTYPE_RVB_COULEUR.png\",\"datePublished\":\"2020-05-22T14:08:00+00:00\",\"dateModified\":\"2022-12-08T11:06:33+00:00\",\"breadcrumb\":{\"@id\":\"https:\\\/\\\/www.grrroh.fr\\\/sites-partenaires#breadcrumb\"},\"inLanguage\":\"en-US\",\"potentialAction\":[{\"@type\":\"ReadAction\",\"target\":[\"https:\\\/\\\/www.grrroh.fr\\\/sites-partenaires\"]}]},{\"@type\":\"ImageObject\",\"inLanguage\":\"en-US\",\"@id\":\"https:\\\/\\\/www.grrroh.fr\\\/sites-partenaires#primaryimage\",\"url\":\"https:\\\/\\\/www.grrroh.fr\\\/wp-content\\\/uploads\\\/2020\\\/05\\\/AER_LOGOTYPE_RVB_COULEUR.png\",\"contentUrl\":\"https:\\\/\\\/www.grrroh.fr\\\/wp-content\\\/uploads\\\/2020\\\/05\\\/AER_LOGOTYPE_RVB_COULEUR.png\"},{\"@type\":\"BreadcrumbList\",\"@id\":\"https:\\\/\\\/www.grrroh.fr\\\/sites-partenaires#breadcrumb\",\"itemListElement\":[{\"@type\":\"ListItem\",\"position\":1,\"name\":\"Accueil\",\"item\":\"https:\\\/\\\/www.grrroh.fr\\\/en\\\/\"},{\"@type\":\"ListItem\",\"position\":2,\"name\":\"Nos partenaires\"}]},{\"@type\":\"WebSite\",\"@id\":\"https:\\\/\\\/www.grrroh.fr\\\/#website\",\"url\":\"https:\\\/\\\/www.grrroh.fr\\\/\",\"name\":\"GrrrOH\",\"description\":\"Study Group on Critically Ill Immunocompromised Patients\",\"publisher\":{\"@id\":\"https:\\\/\\\/www.grrroh.fr\\\/#organization\"},\"potentialAction\":[{\"@type\":\"SearchAction\",\"target\":{\"@type\":\"EntryPoint\",\"urlTemplate\":\"https:\\\/\\\/www.grrroh.fr\\\/?s={search_term_string}\"},\"query-input\":{\"@type\":\"PropertyValueSpecification\",\"valueRequired\":true,\"valueName\":\"search_term_string\"}}],\"inLanguage\":\"en-US\"},{\"@type\":\"Organization\",\"@id\":\"https:\\\/\\\/www.grrroh.fr\\\/#organization\",\"name\":\"Groupe de Recherche en R\u00e9animation Respiratoire du patient d\u2019Onco-H\u00e9matologie\",\"url\":\"https:\\\/\\\/www.grrroh.fr\\\/\",\"logo\":{\"@type\":\"ImageObject\",\"inLanguage\":\"en-US\",\"@id\":\"https:\\\/\\\/www.grrroh.fr\\\/#\\\/schema\\\/logo\\\/image\\\/\",\"url\":\"https:\\\/\\\/www.grrroh.fr\\\/wp-content\\\/uploads\\\/2020\\\/04\\\/cropped-Grrroh-Signature.jpg\",\"contentUrl\":\"https:\\\/\\\/www.grrroh.fr\\\/wp-content\\\/uploads\\\/2020\\\/04\\\/cropped-Grrroh-Signature.jpg\",\"width\":240,\"height\":119,\"caption\":\"Groupe de Recherche en R\u00e9animation Respiratoire du patient d\u2019Onco-H\u00e9matologie\"},\"image\":{\"@id\":\"https:\\\/\\\/www.grrroh.fr\\\/#\\\/schema\\\/logo\\\/image\\\/\"},\"sameAs\":[\"https:\\\/\\\/www.facebook.com\\\/permalink.php\\\/?story_fbid=104359804633887&id=104359294633938\"]}]}<\/script>\n<!-- \/ Yoast SEO plugin. -->","yoast_head_json":{"title":"Our partners","robots":{"index":"index","follow":"follow","max-snippet":"max-snippet:-1","max-image-preview":"max-image-preview:large","max-video-preview":"max-video-preview:-1"},"canonical":"https:\/\/www.grrroh.fr\/en\/sites-partenaires","og_locale":"en_US","og_type":"article","og_title":"[:en]Our partners[:fr]Nos partenaires[:] - GrrrOH","og_description":"AER congress website Soci\u00e9t\u00e9 de R\u00e9animation de Langue Fran\u00e7aise","og_url":"https:\/\/www.grrroh.fr\/en\/sites-partenaires","og_site_name":"GrrrOH","article_publisher":"https:\/\/www.facebook.com\/permalink.php\/?story_fbid=104359804633887&id=104359294633938","article_modified_time":"2022-12-08T11:06:33+00:00","og_image":[{"url":"https:\/\/www.grrroh.fr\/wp-content\/uploads\/2020\/05\/AER_LOGOTYPE_RVB_COULEUR.png","type":"","width":"","height":""}],"twitter_card":"summary_large_image","schema":{"@context":"https:\/\/schema.org","@graph":[{"@type":"WebPage","@id":"https:\/\/www.grrroh.fr\/sites-partenaires","url":"https:\/\/www.grrroh.fr\/sites-partenaires","name":"Our partners","isPartOf":{"@id":"https:\/\/www.grrroh.fr\/#website"},"primaryImageOfPage":{"@id":"https:\/\/www.grrroh.fr\/sites-partenaires#primaryimage"},"image":{"@id":"https:\/\/www.grrroh.fr\/sites-partenaires#primaryimage"},"thumbnailUrl":"https:\/\/www.grrroh.fr\/wp-content\/uploads\/2020\/05\/AER_LOGOTYPE_RVB_COULEUR.png","datePublished":"2020-05-22T14:08:00+00:00","dateModified":"2022-12-08T11:06:33+00:00","breadcrumb":{"@id":"https:\/\/www.grrroh.fr\/sites-partenaires#breadcrumb"},"inLanguage":"en-US","potentialAction":[{"@type":"ReadAction","target":["https:\/\/www.grrroh.fr\/sites-partenaires"]}]},{"@type":"ImageObject","inLanguage":"en-US","@id":"https:\/\/www.grrroh.fr\/sites-partenaires#primaryimage","url":"https:\/\/www.grrroh.fr\/wp-content\/uploads\/2020\/05\/AER_LOGOTYPE_RVB_COULEUR.png","contentUrl":"https:\/\/www.grrroh.fr\/wp-content\/uploads\/2020\/05\/AER_LOGOTYPE_RVB_COULEUR.png"},{"@type":"BreadcrumbList","@id":"https:\/\/www.grrroh.fr\/sites-partenaires#breadcrumb","itemListElement":[{"@type":"ListItem","position":1,"name":"Accueil","item":"https:\/\/www.grrroh.fr\/en\/"},{"@type":"ListItem","position":2,"name":"Nos partenaires"}]},{"@type":"WebSite","@id":"https:\/\/www.grrroh.fr\/#website","url":"https:\/\/www.grrroh.fr\/","name":"GrrrOH","description":"Study Group on Critically Ill Immunocompromised Patients","publisher":{"@id":"https:\/\/www.grrroh.fr\/#organization"},"potentialAction":[{"@type":"SearchAction","target":{"@type":"EntryPoint","urlTemplate":"https:\/\/www.grrroh.fr\/?s={search_term_string}"},"query-input":{"@type":"PropertyValueSpecification","valueRequired":true,"valueName":"search_term_string"}}],"inLanguage":"en-US"},{"@type":"Organization","@id":"https:\/\/www.grrroh.fr\/#organization","name":"Groupe de Recherche en R\u00e9animation Respiratoire du patient d\u2019Onco-H\u00e9matologie","url":"https:\/\/www.grrroh.fr\/","logo":{"@type":"ImageObject","inLanguage":"en-US","@id":"https:\/\/www.grrroh.fr\/#\/schema\/logo\/image\/","url":"https:\/\/www.grrroh.fr\/wp-content\/uploads\/2020\/04\/cropped-Grrroh-Signature.jpg","contentUrl":"https:\/\/www.grrroh.fr\/wp-content\/uploads\/2020\/04\/cropped-Grrroh-Signature.jpg","width":240,"height":119,"caption":"Groupe de Recherche en R\u00e9animation Respiratoire du patient d\u2019Onco-H\u00e9matologie"},"image":{"@id":"https:\/\/www.grrroh.fr\/#\/schema\/logo\/image\/"},"sameAs":["https:\/\/www.facebook.com\/permalink.php\/?story_fbid=104359804633887&id=104359294633938"]}]}},"coauthors":[],"author_meta":{"author_link":"https:\/\/www.grrroh.fr\/en\/author\/igor","display_name":"Igor Theodose"},"relative_dates":{"created":"Posted 6 years ago","modified":"Updated 3 years ago"},"absolute_dates":{"created":"Posted on 22 May 2020","modified":"Updated on 8 December 2022"},"absolute_dates_time":{"created":"Posted on 22 May 2020 16 h 08 min","modified":"Updated on 8 December 2022 12 h 06 min"},"featured_img_caption":"","featured_img":false,"series_order":"","_links":{"self":[{"href":"https:\/\/www.grrroh.fr\/en\/wp-json\/wp\/v2\/pages\/1152","targetHints":{"allow":["GET"]}}],"collection":[{"href":"https:\/\/www.grrroh.fr\/en\/wp-json\/wp\/v2\/pages"}],"about":[{"href":"https:\/\/www.grrroh.fr\/en\/wp-json\/wp\/v2\/types\/page"}],"author":[{"embeddable":true,"href":"https:\/\/www.grrroh.fr\/en\/wp-json\/wp\/v2\/users\/3"}],"replies":[{"embeddable":true,"href":"https:\/\/www.grrroh.fr\/en\/wp-json\/wp\/v2\/comments?post=1152"}],"version-history":[{"count":0,"href":"https:\/\/www.grrroh.fr\/en\/wp-json\/wp\/v2\/pages\/1152\/revisions"}],"wp:attachment":[{"href":"https:\/\/www.grrroh.fr\/en\/wp-json\/wp\/v2\/media?parent=1152"}],"curies":[{"name":"wp","href":"https:\/\/api.w.org\/{rel}","templated":true}]}}