{"id":2144,"date":"2021-03-25T10:15:47","date_gmt":"2021-03-25T09:15:47","guid":{"rendered":"https:\/\/www.grrroh.fr\/?page_id=2144"},"modified":"2024-07-11T16:14:30","modified_gmt":"2024-07-11T14:14:30","slug":"famirea-study","status":"publish","type":"page","link":"https:\/\/www.grrroh.fr\/en\/famirea-study","title":{"rendered":"FAMIREA-STUDY"},"content":{"rendered":"\n<p><strong>A Three-Step Support Strategy for Relatives of Patients Dying in the Intensive Care Unit<\/strong><\/p>\n\n\n\n<p>As part of the COSMIC-EOL study, the Famir\u00e9a research group developed a proactive intervention involving repeated meetings with family members of patients dying after a decision to withdraw\/withhold life-sustaining therapies.<\/p>\n\n\n\n<p>This video (in French) describes the three meetings and guides clinicians\u2019 behavior and attitudes throughout the three steps.<\/p>\n\n\n\n<p><\/p>\n\n\n\n<p><strong>Une strat\u00e9gie d\u2019accompagnement en trois \u00e9tapes des proches de patients d\u00e9c\u00e9dant en r\u00e9animation<\/strong><\/p>\n\n\n\n<p>Dans le cadre de l\u2019\u00e9tude COSMIC-EOL, le groupe de recherche Famir\u00e9a a d\u00e9velopp\u00e9 une intervention proactive comprenant trois rencontres avec les proches de patients d\u00e9c\u00e9dant dans le cadre d\u2019une d\u00e9cision de limitation ou d\u2019arr\u00eat des th\u00e9rapeutiques.<\/p>\n\n\n\n<p>Cette vid\u00e9o d\u00e9crit les trois \u00e9tapes de l\u2019intervention et guide les attitudes et les comportements des soignants au cours de ces trois rencontres.<\/p>\n\n\n\n<figure class=\"wp-block-video\"><video height=\"720\" style=\"aspect-ratio: 1280 \/ 720;\" width=\"1280\" controls src=\"https:\/\/www.grrroh.fr\/wp-content\/uploads\/2021\/03\/COSMIC_04DEC2016.mov\"><\/video><\/figure>\n\n\n\n<p><\/p>\n\n\n\n<h2 class=\"wp-block-heading\">D.U. FAMIREA<\/h2>\n\n\n\n<p>Bonjour \u00e0 toutes et \u00e0 tous,<\/p>\n\n\n\n<p>Dans le cadre de notre Recherche Hospitalo-Universitaire (RHU) &#8221; FAME &#8221; financ\u00e9 par l&#8217;Agence Nationale de la Recherche, le groupe FAMIREA ouvre un dipl\u00f4me Universitaire sur les familles en r\u00e9animation pour la rentr\u00e9e 2024-2025.&nbsp;<\/p>\n\n\n\n<p>Nous avons le plaisir de partager avec vous le flyer d\u2019information du D.U. FAMIREA, que vous trouverez en pi\u00e8ce-jointe.&nbsp;<\/p>\n\n\n\n<p>Nous vous serions tr\u00e8s reconnaissants de&nbsp;diffuser ce flyer au sein de votre service et de vos diff\u00e9rents r\u00e9seaux&nbsp;!&nbsp;<\/p>\n\n\n\n<p>Pour toute question ou besoin de renseignements compl\u00e9mentaires, n&#8217;h\u00e9sitez pas \u00e0 me contacter&nbsp;: <a href=\"mailto:virginie.souppart@aphp.fr\">virginie.souppart@aphp.fr<\/a><\/p>\n\n\n\n<p>Merci pour votre collaboration,&nbsp;<\/p>\n\n\n\n<p>Cordialement,&nbsp;<\/p>\n\n\n\n<p>Virginie Souppart pour le groupe FAMIREA\u00a0<\/p>\n\n\n\n<figure class=\"wp-block-image size-large\"><img loading=\"lazy\" decoding=\"async\" width=\"709\" height=\"1024\" src=\"https:\/\/www.grrroh.fr\/wp-content\/uploads\/2024\/07\/Flyer-DU-Famirea_page-0001-709x1024.jpg\" alt=\"\" class=\"wp-image-3877\" srcset=\"https:\/\/www.grrroh.fr\/wp-content\/uploads\/2024\/07\/Flyer-DU-Famirea_page-0001-709x1024.jpg 709w, https:\/\/www.grrroh.fr\/wp-content\/uploads\/2024\/07\/Flyer-DU-Famirea_page-0001-208x300.jpg 208w, https:\/\/www.grrroh.fr\/wp-content\/uploads\/2024\/07\/Flyer-DU-Famirea_page-0001-768x1109.jpg 768w, https:\/\/www.grrroh.fr\/wp-content\/uploads\/2024\/07\/Flyer-DU-Famirea_page-0001-1063x1536.jpg 1063w, https:\/\/www.grrroh.fr\/wp-content\/uploads\/2024\/07\/Flyer-DU-Famirea_page-0001.jpg 1125w\" sizes=\"auto, (max-width: 709px) 85vw, 709px\" \/><\/figure>\n","protected":false},"excerpt":{"rendered":"<p>A Three-Step Support Strategy for Relatives of Patients Dying in the Intensive Care Unit As part of the COSMIC-EOL study, the Famir\u00e9a research group developed a proactive intervention involving repeated meetings with family members of patients dying after a decision to withdraw\/withhold life-sustaining therapies. This video (in French) describes the three meetings and guides clinicians\u2019 &hellip; <a href=\"https:\/\/www.grrroh.fr\/en\/famirea-study\" class=\"more-link\">Continue reading<span class=\"screen-reader-text\"> &#8220;FAMIREA-STUDY&#8221;<\/span><\/a><\/p>\n","protected":false},"author":3,"featured_media":0,"parent":0,"menu_order":0,"comment_status":"closed","ping_status":"closed","template":"","meta":{"advgb_blocks_editor_width":"","advgb_blocks_columns_visual_guide":"","footnotes":""},"class_list":["post-2144","page","type-page","status-publish","hentry"],"yoast_head":"<!-- This site is optimized with the Yoast SEO plugin v27.5 - https:\/\/yoast.com\/product\/yoast-seo-wordpress\/ -->\n<title>FAMIREA-STUDY<\/title>\n<meta name=\"robots\" content=\"index, follow, max-snippet:-1, max-image-preview:large, max-video-preview:-1\" \/>\n<link rel=\"canonical\" href=\"https:\/\/www.grrroh.fr\/en\/famirea-study\" \/>\n<meta property=\"og:locale\" content=\"en_US\" \/>\n<meta property=\"og:locale:alternate\" content=\"fr_FR\" \/>\n<meta property=\"og:type\" content=\"article\" \/>\n<meta property=\"og:title\" content=\"FAMIREA-STUDY\" \/>\n<meta property=\"og:description\" content=\"A Three-Step Support Strategy for Relatives of Patients Dying in the Intensive Care Unit As part of the COSMIC-EOL study, the Famir\u00e9a research group developed a proactive intervention involving repeated meetings with family members of patients dying after a decision to withdraw\/withhold life-sustaining therapies. This video (in French) describes the three meetings and guides clinicians\u2019 &hellip; Continue reading &quot;FAMIREA-STUDY&quot;\" \/>\n<meta property=\"og:url\" content=\"https:\/\/www.grrroh.fr\/en\/famirea-study\" \/>\n<meta property=\"og:site_name\" content=\"GrrrOH\" \/>\n<meta property=\"article:publisher\" content=\"https:\/\/www.facebook.com\/permalink.php\/?story_fbid=104359804633887&amp;id=104359294633938\" \/>\n<meta property=\"article:modified_time\" content=\"2024-07-11T14:14:30+00:00\" \/>\n<meta property=\"og:image\" content=\"https:\/\/www.grrroh.fr\/wp-content\/uploads\/2024\/07\/Flyer-DU-Famirea_page-0001-709x1024.jpg\" \/>\n<meta name=\"twitter:card\" content=\"summary_large_image\" \/>\n<meta name=\"twitter:label1\" content=\"Est. reading time\" \/>\n\t<meta name=\"twitter:data1\" content=\"1 minute\" \/>\n<script type=\"application\/ld+json\" class=\"yoast-schema-graph\">{\"@context\":\"https:\\\/\\\/schema.org\",\"@graph\":[{\"@type\":\"WebPage\",\"@id\":\"https:\\\/\\\/www.grrroh.fr\\\/famirea-study\",\"url\":\"https:\\\/\\\/www.grrroh.fr\\\/famirea-study\",\"name\":\"FAMIREA-STUDY\",\"isPartOf\":{\"@id\":\"https:\\\/\\\/www.grrroh.fr\\\/#website\"},\"primaryImageOfPage\":{\"@id\":\"https:\\\/\\\/www.grrroh.fr\\\/famirea-study#primaryimage\"},\"image\":{\"@id\":\"https:\\\/\\\/www.grrroh.fr\\\/famirea-study#primaryimage\"},\"thumbnailUrl\":\"https:\\\/\\\/www.grrroh.fr\\\/wp-content\\\/uploads\\\/2024\\\/07\\\/Flyer-DU-Famirea_page-0001-709x1024.jpg\",\"datePublished\":\"2021-03-25T09:15:47+00:00\",\"dateModified\":\"2024-07-11T14:14:30+00:00\",\"breadcrumb\":{\"@id\":\"https:\\\/\\\/www.grrroh.fr\\\/famirea-study#breadcrumb\"},\"inLanguage\":\"en-US\",\"potentialAction\":[{\"@type\":\"ReadAction\",\"target\":[\"https:\\\/\\\/www.grrroh.fr\\\/famirea-study\"]}]},{\"@type\":\"ImageObject\",\"inLanguage\":\"en-US\",\"@id\":\"https:\\\/\\\/www.grrroh.fr\\\/famirea-study#primaryimage\",\"url\":\"https:\\\/\\\/www.grrroh.fr\\\/wp-content\\\/uploads\\\/2024\\\/07\\\/Flyer-DU-Famirea_page-0001-709x1024.jpg\",\"contentUrl\":\"https:\\\/\\\/www.grrroh.fr\\\/wp-content\\\/uploads\\\/2024\\\/07\\\/Flyer-DU-Famirea_page-0001-709x1024.jpg\"},{\"@type\":\"BreadcrumbList\",\"@id\":\"https:\\\/\\\/www.grrroh.fr\\\/famirea-study#breadcrumb\",\"itemListElement\":[{\"@type\":\"ListItem\",\"position\":1,\"name\":\"Accueil\",\"item\":\"https:\\\/\\\/www.grrroh.fr\\\/en\\\/\"},{\"@type\":\"ListItem\",\"position\":2,\"name\":\"FAMIREA-STUDY\"}]},{\"@type\":\"WebSite\",\"@id\":\"https:\\\/\\\/www.grrroh.fr\\\/#website\",\"url\":\"https:\\\/\\\/www.grrroh.fr\\\/\",\"name\":\"GrrrOH\",\"description\":\"Study Group on Critically Ill Immunocompromised Patients\",\"publisher\":{\"@id\":\"https:\\\/\\\/www.grrroh.fr\\\/#organization\"},\"potentialAction\":[{\"@type\":\"SearchAction\",\"target\":{\"@type\":\"EntryPoint\",\"urlTemplate\":\"https:\\\/\\\/www.grrroh.fr\\\/?s={search_term_string}\"},\"query-input\":{\"@type\":\"PropertyValueSpecification\",\"valueRequired\":true,\"valueName\":\"search_term_string\"}}],\"inLanguage\":\"en-US\"},{\"@type\":\"Organization\",\"@id\":\"https:\\\/\\\/www.grrroh.fr\\\/#organization\",\"name\":\"Groupe de Recherche en R\u00e9animation Respiratoire du patient d\u2019Onco-H\u00e9matologie\",\"url\":\"https:\\\/\\\/www.grrroh.fr\\\/\",\"logo\":{\"@type\":\"ImageObject\",\"inLanguage\":\"en-US\",\"@id\":\"https:\\\/\\\/www.grrroh.fr\\\/#\\\/schema\\\/logo\\\/image\\\/\",\"url\":\"https:\\\/\\\/www.grrroh.fr\\\/wp-content\\\/uploads\\\/2020\\\/04\\\/cropped-Grrroh-Signature.jpg\",\"contentUrl\":\"https:\\\/\\\/www.grrroh.fr\\\/wp-content\\\/uploads\\\/2020\\\/04\\\/cropped-Grrroh-Signature.jpg\",\"width\":240,\"height\":119,\"caption\":\"Groupe de Recherche en R\u00e9animation Respiratoire du patient d\u2019Onco-H\u00e9matologie\"},\"image\":{\"@id\":\"https:\\\/\\\/www.grrroh.fr\\\/#\\\/schema\\\/logo\\\/image\\\/\"},\"sameAs\":[\"https:\\\/\\\/www.facebook.com\\\/permalink.php\\\/?story_fbid=104359804633887&id=104359294633938\"]}]}<\/script>\n<!-- \/ Yoast SEO plugin. -->","yoast_head_json":{"title":"FAMIREA-STUDY","robots":{"index":"index","follow":"follow","max-snippet":"max-snippet:-1","max-image-preview":"max-image-preview:large","max-video-preview":"max-video-preview:-1"},"canonical":"https:\/\/www.grrroh.fr\/en\/famirea-study","og_locale":"en_US","og_type":"article","og_title":"[:fr]FAMIREA-STUDY[:] - GrrrOH","og_description":"A Three-Step Support Strategy for Relatives of Patients Dying in the Intensive Care Unit As part of the COSMIC-EOL study, the Famir\u00e9a research group developed a proactive intervention involving repeated meetings with family members of patients dying after a decision to withdraw\/withhold life-sustaining therapies. This video (in French) describes the three meetings and guides clinicians\u2019 &hellip; Continue reading \"FAMIREA-STUDY\"","og_url":"https:\/\/www.grrroh.fr\/en\/famirea-study","og_site_name":"GrrrOH","article_publisher":"https:\/\/www.facebook.com\/permalink.php\/?story_fbid=104359804633887&id=104359294633938","article_modified_time":"2024-07-11T14:14:30+00:00","og_image":[{"url":"https:\/\/www.grrroh.fr\/wp-content\/uploads\/2024\/07\/Flyer-DU-Famirea_page-0001-709x1024.jpg","type":"","width":"","height":""}],"twitter_card":"summary_large_image","twitter_misc":{"Est. reading time":"1 minute"},"schema":{"@context":"https:\/\/schema.org","@graph":[{"@type":"WebPage","@id":"https:\/\/www.grrroh.fr\/famirea-study","url":"https:\/\/www.grrroh.fr\/famirea-study","name":"FAMIREA-STUDY","isPartOf":{"@id":"https:\/\/www.grrroh.fr\/#website"},"primaryImageOfPage":{"@id":"https:\/\/www.grrroh.fr\/famirea-study#primaryimage"},"image":{"@id":"https:\/\/www.grrroh.fr\/famirea-study#primaryimage"},"thumbnailUrl":"https:\/\/www.grrroh.fr\/wp-content\/uploads\/2024\/07\/Flyer-DU-Famirea_page-0001-709x1024.jpg","datePublished":"2021-03-25T09:15:47+00:00","dateModified":"2024-07-11T14:14:30+00:00","breadcrumb":{"@id":"https:\/\/www.grrroh.fr\/famirea-study#breadcrumb"},"inLanguage":"en-US","potentialAction":[{"@type":"ReadAction","target":["https:\/\/www.grrroh.fr\/famirea-study"]}]},{"@type":"ImageObject","inLanguage":"en-US","@id":"https:\/\/www.grrroh.fr\/famirea-study#primaryimage","url":"https:\/\/www.grrroh.fr\/wp-content\/uploads\/2024\/07\/Flyer-DU-Famirea_page-0001-709x1024.jpg","contentUrl":"https:\/\/www.grrroh.fr\/wp-content\/uploads\/2024\/07\/Flyer-DU-Famirea_page-0001-709x1024.jpg"},{"@type":"BreadcrumbList","@id":"https:\/\/www.grrroh.fr\/famirea-study#breadcrumb","itemListElement":[{"@type":"ListItem","position":1,"name":"Accueil","item":"https:\/\/www.grrroh.fr\/en\/"},{"@type":"ListItem","position":2,"name":"FAMIREA-STUDY"}]},{"@type":"WebSite","@id":"https:\/\/www.grrroh.fr\/#website","url":"https:\/\/www.grrroh.fr\/","name":"GrrrOH","description":"Study Group on Critically Ill Immunocompromised Patients","publisher":{"@id":"https:\/\/www.grrroh.fr\/#organization"},"potentialAction":[{"@type":"SearchAction","target":{"@type":"EntryPoint","urlTemplate":"https:\/\/www.grrroh.fr\/?s={search_term_string}"},"query-input":{"@type":"PropertyValueSpecification","valueRequired":true,"valueName":"search_term_string"}}],"inLanguage":"en-US"},{"@type":"Organization","@id":"https:\/\/www.grrroh.fr\/#organization","name":"Groupe de Recherche en R\u00e9animation Respiratoire du patient d\u2019Onco-H\u00e9matologie","url":"https:\/\/www.grrroh.fr\/","logo":{"@type":"ImageObject","inLanguage":"en-US","@id":"https:\/\/www.grrroh.fr\/#\/schema\/logo\/image\/","url":"https:\/\/www.grrroh.fr\/wp-content\/uploads\/2020\/04\/cropped-Grrroh-Signature.jpg","contentUrl":"https:\/\/www.grrroh.fr\/wp-content\/uploads\/2020\/04\/cropped-Grrroh-Signature.jpg","width":240,"height":119,"caption":"Groupe de Recherche en R\u00e9animation Respiratoire du patient d\u2019Onco-H\u00e9matologie"},"image":{"@id":"https:\/\/www.grrroh.fr\/#\/schema\/logo\/image\/"},"sameAs":["https:\/\/www.facebook.com\/permalink.php\/?story_fbid=104359804633887&id=104359294633938"]}]}},"coauthors":[],"author_meta":{"author_link":"https:\/\/www.grrroh.fr\/en\/author\/igor","display_name":"Igor Theodose"},"relative_dates":{"created":"Posted 5 years ago","modified":"Updated 2 years ago"},"absolute_dates":{"created":"Posted on 25 March 2021","modified":"Updated on 11 July 2024"},"absolute_dates_time":{"created":"Posted on 25 March 2021 10 h 15 min","modified":"Updated on 11 July 2024 16 h 14 min"},"featured_img_caption":"","featured_img":false,"series_order":"","_links":{"self":[{"href":"https:\/\/www.grrroh.fr\/en\/wp-json\/wp\/v2\/pages\/2144","targetHints":{"allow":["GET"]}}],"collection":[{"href":"https:\/\/www.grrroh.fr\/en\/wp-json\/wp\/v2\/pages"}],"about":[{"href":"https:\/\/www.grrroh.fr\/en\/wp-json\/wp\/v2\/types\/page"}],"author":[{"embeddable":true,"href":"https:\/\/www.grrroh.fr\/en\/wp-json\/wp\/v2\/users\/3"}],"replies":[{"embeddable":true,"href":"https:\/\/www.grrroh.fr\/en\/wp-json\/wp\/v2\/comments?post=2144"}],"version-history":[{"count":2,"href":"https:\/\/www.grrroh.fr\/en\/wp-json\/wp\/v2\/pages\/2144\/revisions"}],"predecessor-version":[{"id":3879,"href":"https:\/\/www.grrroh.fr\/en\/wp-json\/wp\/v2\/pages\/2144\/revisions\/3879"}],"wp:attachment":[{"href":"https:\/\/www.grrroh.fr\/en\/wp-json\/wp\/v2\/media?parent=2144"}],"curies":[{"name":"wp","href":"https:\/\/api.w.org\/{rel}","templated":true}]}}