{"id":6,"date":"2020-03-12T20:23:27","date_gmt":"2020-03-12T19:23:27","guid":{"rendered":"https:\/\/www.grrroh.fr\/?page_id=6"},"modified":"2023-10-11T12:30:53","modified_gmt":"2023-10-11T10:30:53","slug":"le-nouveau-e-mucem-ouvre-ses-portes-2","status":"publish","type":"page","link":"https:\/\/www.grrroh.fr\/en\/","title":{"rendered":"Study Group on Critically Ill Immunocompromised Patients"},"content":{"rendered":"\n<div class=\"wp-block-group alignwide\"><div class=\"wp-block-group__inner-container is-layout-flow wp-block-group-is-layout-flow\"><div class=\"wp-block-image\">\n<figure class=\"aligncenter size-large is-resized\"><img decoding=\"async\" src=\"https:\/\/www.grrroh.fr\/wp-content\/uploads\/2020\/05\/GROUPE-OK-5273-1-1024x681.jpg\" alt=\"\" class=\"wp-image-1013\" width=\"516\" srcset=\"https:\/\/www.grrroh.fr\/wp-content\/uploads\/2020\/05\/GROUPE-OK-5273-1-1024x681.jpg 1024w, https:\/\/www.grrroh.fr\/wp-content\/uploads\/2020\/05\/GROUPE-OK-5273-1-300x200.jpg 300w, https:\/\/www.grrroh.fr\/wp-content\/uploads\/2020\/05\/GROUPE-OK-5273-1-768x511.jpg 768w, https:\/\/www.grrroh.fr\/wp-content\/uploads\/2020\/05\/GROUPE-OK-5273-1-1536x1022.jpg 1536w, https:\/\/www.grrroh.fr\/wp-content\/uploads\/2020\/05\/GROUPE-OK-5273-1-2048x1363.jpg 2048w, https:\/\/www.grrroh.fr\/wp-content\/uploads\/2020\/05\/GROUPE-OK-5273-1-1200x798.jpg 1200w\" sizes=\"(max-width: 709px) 85vw, (max-width: 909px) 67vw, (max-width: 1362px) 62vw, 840px\" \/><figcaption><br><\/figcaption><\/figure>\n<\/div><\/div><\/div>\n\n\n\n<div class=\"wp-block-columns alignwide is-layout-flex wp-container-core-columns-is-layout-9d6595d7 wp-block-columns-is-layout-flex\">\n<div class=\"wp-block-column is-layout-flow wp-block-column-is-layout-flow\">\n<figure class=\"wp-block-image size-large is-resized\"><a href=\"https:\/\/www.grrroh.fr\/en\/apropos\"><img loading=\"lazy\" decoding=\"async\" src=\"https:\/\/www.grrroh.fr\/wp-content\/uploads\/2020\/04\/Grrroh-Signature.jpg\" alt=\"logo grrroh\" class=\"wp-image-303\" width=\"314\" height=\"150\" srcset=\"https:\/\/www.grrroh.fr\/wp-content\/uploads\/2020\/04\/Grrroh-Signature.jpg 512w, https:\/\/www.grrroh.fr\/wp-content\/uploads\/2020\/04\/Grrroh-Signature-300x144.jpg 300w\" sizes=\"auto, (max-width: 314px) 85vw, 314px\" \/><\/a><figcaption><br><a href=\"GRRR-OH: About us\">GRRR-OH: About us<\/a><\/figcaption><\/figure>\n\n\n\n<figure class=\"wp-block-image size-large is-resized\"><a href=\"https:\/\/www.grrroh.fr\/en\/reunions\"><img loading=\"lazy\" decoding=\"async\" src=\"https:\/\/www.grrroh.fr\/wp-content\/uploads\/2020\/05\/Pastille-r\u00e9unions-du-GRRR-OH.jpg\" alt=\"\" class=\"wp-image-363\" width=\"299\" height=\"224\" srcset=\"https:\/\/www.grrroh.fr\/wp-content\/uploads\/2020\/05\/Pastille-r\u00e9unions-du-GRRR-OH.jpg 344w, https:\/\/www.grrroh.fr\/wp-content\/uploads\/2020\/05\/Pastille-r\u00e9unions-du-GRRR-OH-300x225.jpg 300w\" sizes=\"auto, (max-width: 299px) 85vw, 299px\" \/><\/a><figcaption><a href=\"https:\/\/www.grrroh.fr\/en\/reunions\">GRRR-OH meetings<\/a><\/figcaption><\/figure>\n\n\n\n<figure class=\"wp-block-image size-large is-resized\"><a href=\"https:\/\/www.grrroh.fr\/en\/blood-diseases-in-the-icu\"><img loading=\"lazy\" decoding=\"async\" src=\"https:\/\/www.grrroh.fr\/wp-content\/uploads\/2020\/05\/Pastille-BDI.jpg\" alt=\"\" class=\"wp-image-355\" width=\"251\" height=\"222\"\/><\/a><figcaption><strong><a href=\"https:\/\/www.grrroh.fr\/en\/blood-diseases-in-the-icu\">BLOOD DISEASES IN THE ICU (BDI) TRAINING COURSE<\/a><\/strong><\/figcaption><\/figure>\n\n\n\n<figure class=\"wp-block-image size-large is-resized\"><a href=\"https:\/\/www.grrroh.fr\/en\/patients-famille\"><img loading=\"lazy\" decoding=\"async\" src=\"https:\/\/www.grrroh.fr\/wp-content\/uploads\/2020\/05\/group-418449_1280-1.jpg\" alt=\"\" class=\"wp-image-421\" width=\"227\" height=\"171\" srcset=\"https:\/\/www.grrroh.fr\/wp-content\/uploads\/2020\/05\/group-418449_1280-1.jpg 768w, https:\/\/www.grrroh.fr\/wp-content\/uploads\/2020\/05\/group-418449_1280-1-300x226.jpg 300w\" sizes=\"auto, (max-width: 227px) 85vw, 227px\" \/><\/a><figcaption><a href=\"https:\/\/www.grrroh.fr\/en\/patients-famille\">Patients and relatives<\/a><\/figcaption><\/figure>\n\n\n\n<figure class=\"wp-block-image size-large is-resized is-style-rounded\"><a href=\"https:\/\/www.grrroh.fr\/en\/paramedicaux\"><img loading=\"lazy\" decoding=\"async\" src=\"https:\/\/www.grrroh.fr\/wp-content\/uploads\/2020\/05\/Pastille-param\u00e9dicaux.jpg\" alt=\"\" class=\"wp-image-980\" width=\"278\" height=\"209\" srcset=\"https:\/\/www.grrroh.fr\/wp-content\/uploads\/2020\/05\/Pastille-param\u00e9dicaux.jpg 610w, https:\/\/www.grrroh.fr\/wp-content\/uploads\/2020\/05\/Pastille-param\u00e9dicaux-300x225.jpg 300w\" sizes=\"auto, (max-width: 278px) 85vw, 278px\" \/><\/a><figcaption><a href=\"https:\/\/www.grrroh.fr\/en\/paramedicaux\">Paramedics<\/a><\/figcaption><\/figure>\n\n\n\n<figure class=\"wp-block-image size-large is-resized is-style-default\"><a href=\"https:\/\/www.grrroh.fr\/en\/pubmed\"><img loading=\"lazy\" decoding=\"async\" src=\"https:\/\/www.grrroh.fr\/wp-content\/uploads\/2020\/05\/Pastille-PubMed.jpg\" alt=\"\" class=\"wp-image-361\" width=\"255\" height=\"178\"\/><\/a><figcaption><a href=\"https:\/\/www.grrroh.fr\/en\/pubmed\">Our published articles<\/a><\/figcaption><\/figure>\n\n\n\n<figure class=\"wp-block-image size-large is-resized is-style-default\"><a href=\"https:\/\/www.grrroh.fr\/en\/sites-partenaires\"><img loading=\"lazy\" decoding=\"async\" src=\"https:\/\/www.grrroh.fr\/wp-content\/uploads\/2020\/05\/Pastille-sites-partenaires.jpg\" alt=\"\" class=\"wp-image-1157\" width=\"273\" height=\"182\"\/><\/a><figcaption><a href=\"https:\/\/www.grrroh.fr\/en\/sites-partenaires\">Website partnership<\/a><\/figcaption><\/figure>\n\n\n\n<figure class=\"wp-block-image size-large is-resized\"><a href=\"https:\/\/www.grrroh.fr\/en\/nos-sponsors\"><img loading=\"lazy\" decoding=\"async\" src=\"https:\/\/www.grrroh.fr\/wp-content\/uploads\/2020\/05\/Pastille-Nos-sponsors-2-e1590584758911.jpg\" alt=\"\" class=\"wp-image-1228\" width=\"276\" height=\"184\"\/><\/a><figcaption><a href=\"https:\/\/www.grrroh.fr\/en\/nos-sponsors\">Our sponsors<\/a><\/figcaption><\/figure>\n<\/div>\n\n\n\n<div class=\"wp-block-column is-layout-flow wp-block-column-is-layout-flow\"><div class=\"wp-block-image\">\n<figure class=\"aligncenter size-full is-resized\"><a href=\"https:\/\/www.grrroh.fr\/en\/etudes\"><img loading=\"lazy\" decoding=\"async\" src=\"https:\/\/www.grrroh.fr\/wp-content\/uploads\/2020\/05\/Pastille-\u00e9tudes-en-cours.jpg\" alt=\"\" class=\"wp-image-979\" width=\"255\" height=\"170\" srcset=\"https:\/\/www.grrroh.fr\/wp-content\/uploads\/2020\/05\/Pastille-\u00e9tudes-en-cours.jpg 686w, https:\/\/www.grrroh.fr\/wp-content\/uploads\/2020\/05\/Pastille-\u00e9tudes-en-cours-300x200.jpg 300w\" sizes=\"auto, (max-width: 255px) 85vw, 255px\" \/><\/a><figcaption><a href=\"https:\/\/www.grrroh.fr\/en\/etudes\">Ongoing studies<\/a><\/figcaption><\/figure>\n<\/div>\n\n<div class=\"wp-block-image is-style-default\">\n<figure class=\"aligncenter size-large is-resized\"><a href=\"https:\/\/www.grrroh.fr\/en\/nine\"><img loading=\"lazy\" decoding=\"async\" src=\"https:\/\/www.grrroh.fr\/wp-content\/uploads\/2020\/03\/NINE_ICMJN-1024x1024.png\" alt=\"\" class=\"wp-image-63\" width=\"207\" height=\"207\" srcset=\"https:\/\/www.grrroh.fr\/wp-content\/uploads\/2020\/03\/NINE_ICMJN-1024x1024.png 1024w, https:\/\/www.grrroh.fr\/wp-content\/uploads\/2020\/03\/NINE_ICMJN-300x300.png 300w, https:\/\/www.grrroh.fr\/wp-content\/uploads\/2020\/03\/NINE_ICMJN-150x150.png 150w, https:\/\/www.grrroh.fr\/wp-content\/uploads\/2020\/03\/NINE_ICMJN-768x768.png 768w, https:\/\/www.grrroh.fr\/wp-content\/uploads\/2020\/03\/NINE_ICMJN.png 1181w\" sizes=\"auto, (max-width: 207px) 85vw, 207px\" \/><\/a><figcaption><a href=\"https:\/\/www.grrroh.fr\/en\/nine\">Nine-i: Caring for Critically Ill Immunocompromised Patients: Multinational Network<\/a><\/figcaption><\/figure>\n<\/div>\n\n<div class=\"wp-block-image is-style-default\">\n<figure class=\"aligncenter size-large is-resized\"><a href=\"https:\/\/www.grrroh.fr\/en\/reamid\"><img loading=\"lazy\" decoding=\"async\" src=\"https:\/\/www.grrroh.fr\/wp-content\/uploads\/2020\/07\/Pastille-D.U.-REAMID-LOGO.jpg\" alt=\"\" class=\"wp-image-1416\" width=\"389\" height=\"164\" srcset=\"https:\/\/www.grrroh.fr\/wp-content\/uploads\/2020\/07\/Pastille-D.U.-REAMID-LOGO.jpg 910w, https:\/\/www.grrroh.fr\/wp-content\/uploads\/2020\/07\/Pastille-D.U.-REAMID-LOGO-300x127.jpg 300w, https:\/\/www.grrroh.fr\/wp-content\/uploads\/2020\/07\/Pastille-D.U.-REAMID-LOGO-768x324.jpg 768w\" sizes=\"auto, (max-width: 389px) 85vw, 389px\" \/><\/a><figcaption><br><a href=\"https:\/\/www.grrroh.fr\/en\/reamid\">University diploma on critical care management of immuncompromised patients<\/a><\/figcaption><\/figure>\n<\/div>\n\n\n<figure class=\"wp-block-image size-large is-style-default\"><img loading=\"lazy\" decoding=\"async\" width=\"179\" height=\"145\" src=\"https:\/\/www.grrroh.fr\/wp-content\/uploads\/2021\/03\/FAMIREA-Logo.jpg\" alt=\"\" class=\"wp-image-2148\"\/><figcaption><a href=\"https:\/\/www.grrroh.fr\/famirea-study\" data-type=\"URL\" data-id=\"https:\/\/www.grrroh.fr\/famirea-study\">FAMIREA-STUDY<\/a><\/figcaption><\/figure>\n\n\n<div class=\"wp-block-image\">\n<figure class=\"aligncenter size-large is-resized\"><a href=\"https:\/\/www.grrroh.fr\/en\/bourse-antoine-rabbat\"><img loading=\"lazy\" decoding=\"async\" src=\"https:\/\/www.grrroh.fr\/wp-content\/uploads\/2020\/05\/Pastille-Bourse-de-recherche-Antoine-Rabbat.jpg\" alt=\"\" class=\"wp-image-358\" width=\"157\" height=\"178\"\/><\/a><figcaption><a href=\"https:\/\/www.grrroh.fr\/en\/bourse-antoine-rabbat\">The Antoine Rabbat Research grant<\/a><\/figcaption><\/figure>\n<\/div>\n\n<div class=\"wp-block-image\">\n<figure class=\"aligncenter size-large is-resized\"><a href=\"https:\/\/www.helloasso.com\/associations\/grrroh\/adhesions\/adhesion-grrroh\"><img loading=\"lazy\" decoding=\"async\" src=\"https:\/\/www.grrroh.fr\/wp-content\/uploads\/2020\/05\/Pastille-Devenir-membre.jpg\" alt=\"\" class=\"wp-image-366\" width=\"187\" height=\"203\"\/><\/a><figcaption><a href=\"https:\/\/www.helloasso.com\/associations\/grrroh\/adhesions\/adhesion-grrroh\">Become a member<\/a><\/figcaption><\/figure>\n<\/div>\n\n<div class=\"wp-block-image\">\n<figure class=\"aligncenter size-large is-resized\"><a href=\"https:\/\/www.grrroh.fr\/en\/article-du-mois\"><img loading=\"lazy\" decoding=\"async\" src=\"https:\/\/www.grrroh.fr\/wp-content\/uploads\/2020\/05\/Pastille-Liens-utiles.jpg\" alt=\"\" class=\"wp-image-367\" width=\"402\" height=\"166\" srcset=\"https:\/\/www.grrroh.fr\/wp-content\/uploads\/2020\/05\/Pastille-Liens-utiles.jpg 310w, https:\/\/www.grrroh.fr\/wp-content\/uploads\/2020\/05\/Pastille-Liens-utiles-300x124.jpg 300w\" sizes=\"auto, (max-width: 402px) 85vw, 402px\" \/><\/a><figcaption><br>                        <a href=\"https:\/\/www.grrroh.fr\/en\/article-du-mois\">Article of the month<\/a><\/figcaption><\/figure>\n<\/div>\n\n<div class=\"wp-block-image\">\n<figure class=\"aligncenter size-large is-resized\"><a href=\"https:\/\/www.grrroh.fr\/en\/les-bande-dessinees-du-grrr-oh\"><img loading=\"lazy\" decoding=\"async\" src=\"https:\/\/www.grrroh.fr\/wp-content\/uploads\/2020\/05\/Pastille-Bande-dessin\u00e9es2.jpg\" alt=\"\" class=\"wp-image-1229\" width=\"165\" height=\"233\" srcset=\"https:\/\/www.grrroh.fr\/wp-content\/uploads\/2020\/05\/Pastille-Bande-dessin\u00e9es2.jpg 508w, https:\/\/www.grrroh.fr\/wp-content\/uploads\/2020\/05\/Pastille-Bande-dessin\u00e9es2-212x300.jpg 212w\" sizes=\"auto, (max-width: 165px) 85vw, 165px\" \/><\/a><figcaption><a href=\"https:\/\/www.grrroh.fr\/en\/les-bande-dessinees-du-grrr-oh\">CARTOONS &#038; COMICS<\/a><\/figcaption><\/figure>\n<\/div><\/div>\n<\/div>\n\n\n\n<div class=\"wp-block-group alignwide\"><div class=\"wp-block-group__inner-container is-layout-flow wp-block-group-is-layout-flow\">\n<div class=\"wp-block-group\"><div class=\"wp-block-group__inner-container is-layout-flow wp-block-group-is-layout-flow\">\n<p><strong>GrrrOH<\/strong><br><em>Service de M\u00e9decine Intensive et R\u00e9animaton M\u00e9dicale<\/em><br><em>H\u00f4pital Saint-Louis<\/em><br><em>1 avenue Claude Vellefaux,<\/em><br><em>75010 Paris<\/em><br><em>France<\/em><\/p>\n<\/div><\/div>\n<\/div><\/div>\n\n\n\n<p><\/p>\n","protected":false},"excerpt":{"rendered":"<p>GrrrOHService de M\u00e9decine Intensive et R\u00e9animaton M\u00e9dicaleH\u00f4pital Saint-Louis1 avenue Claude Vellefaux,75010 ParisFrance<\/p>\n","protected":false},"author":5,"featured_media":0,"parent":0,"menu_order":0,"comment_status":"closed","ping_status":"closed","template":"","meta":{"advgb_blocks_editor_width":"","advgb_blocks_columns_visual_guide":"","footnotes":""},"class_list":["post-6","page","type-page","status-publish","hentry"],"yoast_head":"<!-- This site is optimized with the Yoast SEO plugin v27.5 - https:\/\/yoast.com\/product\/yoast-seo-wordpress\/ -->\n<title>Study Group on Critically Ill Immunocompromised Patients<\/title>\n<meta name=\"robots\" content=\"index, follow, max-snippet:-1, max-image-preview:large, max-video-preview:-1\" \/>\n<link rel=\"canonical\" href=\"https:\/\/www.grrroh.fr\/en\/\" \/>\n<meta property=\"og:locale\" content=\"en_US\" \/>\n<meta property=\"og:locale:alternate\" content=\"fr_FR\" \/>\n<meta property=\"og:type\" content=\"article\" \/>\n<meta property=\"og:title\" content=\"Study Group on Critically Ill Immunocompromised Patients\" \/>\n<meta property=\"og:description\" content=\"GrrrOHService de M\u00e9decine Intensive et R\u00e9animaton M\u00e9dicaleH\u00f4pital Saint-Louis1 avenue Claude Vellefaux,75010 ParisFrance\" \/>\n<meta property=\"og:url\" content=\"https:\/\/www.grrroh.fr\/en\/\" \/>\n<meta property=\"og:site_name\" content=\"GrrrOH\" \/>\n<meta property=\"article:publisher\" content=\"https:\/\/www.facebook.com\/permalink.php\/?story_fbid=104359804633887&amp;id=104359294633938\" \/>\n<meta property=\"article:modified_time\" content=\"2023-10-11T10:30:53+00:00\" \/>\n<meta property=\"og:image\" content=\"https:\/\/www.grrroh.fr\/wp-content\/uploads\/2020\/05\/GROUPE-OK-5273-1-1024x681.jpg\" \/>\n<meta name=\"twitter:card\" content=\"summary_large_image\" \/>\n<meta name=\"twitter:label1\" content=\"Est. reading time\" \/>\n\t<meta name=\"twitter:data1\" content=\"1 minute\" \/>\n<script type=\"application\/ld+json\" class=\"yoast-schema-graph\">{\"@context\":\"https:\\\/\\\/schema.org\",\"@graph\":[{\"@type\":\"WebPage\",\"@id\":\"https:\\\/\\\/www.grrroh.fr\\\/en\\\/\",\"url\":\"https:\\\/\\\/www.grrroh.fr\\\/en\\\/\",\"name\":\"Study Group on Critically Ill Immunocompromised Patients\",\"isPartOf\":{\"@id\":\"https:\\\/\\\/www.grrroh.fr\\\/#website\"},\"primaryImageOfPage\":{\"@id\":\"https:\\\/\\\/www.grrroh.fr\\\/en\\\/#primaryimage\"},\"image\":{\"@id\":\"https:\\\/\\\/www.grrroh.fr\\\/en\\\/#primaryimage\"},\"thumbnailUrl\":\"https:\\\/\\\/www.grrroh.fr\\\/wp-content\\\/uploads\\\/2020\\\/05\\\/GROUPE-OK-5273-1-1024x681.jpg\",\"datePublished\":\"2020-03-12T19:23:27+00:00\",\"dateModified\":\"2023-10-11T10:30:53+00:00\",\"breadcrumb\":{\"@id\":\"https:\\\/\\\/www.grrroh.fr\\\/en\\\/#breadcrumb\"},\"inLanguage\":\"en-US\",\"potentialAction\":[{\"@type\":\"ReadAction\",\"target\":[\"https:\\\/\\\/www.grrroh.fr\\\/en\\\/\"]}]},{\"@type\":\"ImageObject\",\"inLanguage\":\"en-US\",\"@id\":\"https:\\\/\\\/www.grrroh.fr\\\/en\\\/#primaryimage\",\"url\":\"https:\\\/\\\/www.grrroh.fr\\\/wp-content\\\/uploads\\\/2020\\\/05\\\/GROUPE-OK-5273-1-1024x681.jpg\",\"contentUrl\":\"https:\\\/\\\/www.grrroh.fr\\\/wp-content\\\/uploads\\\/2020\\\/05\\\/GROUPE-OK-5273-1-1024x681.jpg\"},{\"@type\":\"BreadcrumbList\",\"@id\":\"https:\\\/\\\/www.grrroh.fr\\\/en\\\/#breadcrumb\",\"itemListElement\":[{\"@type\":\"ListItem\",\"position\":1,\"name\":\"Accueil\",\"item\":\"https:\\\/\\\/www.grrroh.fr\\\/en\\\/\"},{\"@type\":\"ListItem\",\"position\":2,\"name\":\"Study Group on Critically Ill Immunocompromised Patients\"}]},{\"@type\":\"WebSite\",\"@id\":\"https:\\\/\\\/www.grrroh.fr\\\/#website\",\"url\":\"https:\\\/\\\/www.grrroh.fr\\\/\",\"name\":\"GrrrOH\",\"description\":\"Study Group on Critically Ill Immunocompromised Patients\",\"publisher\":{\"@id\":\"https:\\\/\\\/www.grrroh.fr\\\/#organization\"},\"potentialAction\":[{\"@type\":\"SearchAction\",\"target\":{\"@type\":\"EntryPoint\",\"urlTemplate\":\"https:\\\/\\\/www.grrroh.fr\\\/?s={search_term_string}\"},\"query-input\":{\"@type\":\"PropertyValueSpecification\",\"valueRequired\":true,\"valueName\":\"search_term_string\"}}],\"inLanguage\":\"en-US\"},{\"@type\":\"Organization\",\"@id\":\"https:\\\/\\\/www.grrroh.fr\\\/#organization\",\"name\":\"Groupe de Recherche en R\u00e9animation Respiratoire du patient d\u2019Onco-H\u00e9matologie\",\"url\":\"https:\\\/\\\/www.grrroh.fr\\\/\",\"logo\":{\"@type\":\"ImageObject\",\"inLanguage\":\"en-US\",\"@id\":\"https:\\\/\\\/www.grrroh.fr\\\/#\\\/schema\\\/logo\\\/image\\\/\",\"url\":\"https:\\\/\\\/www.grrroh.fr\\\/wp-content\\\/uploads\\\/2020\\\/04\\\/cropped-Grrroh-Signature.jpg\",\"contentUrl\":\"https:\\\/\\\/www.grrroh.fr\\\/wp-content\\\/uploads\\\/2020\\\/04\\\/cropped-Grrroh-Signature.jpg\",\"width\":240,\"height\":119,\"caption\":\"Groupe de Recherche en R\u00e9animation Respiratoire du patient d\u2019Onco-H\u00e9matologie\"},\"image\":{\"@id\":\"https:\\\/\\\/www.grrroh.fr\\\/#\\\/schema\\\/logo\\\/image\\\/\"},\"sameAs\":[\"https:\\\/\\\/www.facebook.com\\\/permalink.php\\\/?story_fbid=104359804633887&id=104359294633938\"]}]}<\/script>\n<!-- \/ Yoast SEO plugin. -->","yoast_head_json":{"title":"Study Group on Critically Ill Immunocompromised Patients","robots":{"index":"index","follow":"follow","max-snippet":"max-snippet:-1","max-image-preview":"max-image-preview:large","max-video-preview":"max-video-preview:-1"},"canonical":"https:\/\/www.grrroh.fr\/en\/","og_locale":"en_US","og_type":"article","og_title":"[:en]Study Group on Critically Ill Immunocompromised Patients[:fr]Groupe de Recherche en R\u00e9animation Respiratoire du patient d\u2019Onco-H\u00e9matologie[:] - GrrrOH","og_description":"GrrrOHService de M\u00e9decine Intensive et R\u00e9animaton M\u00e9dicaleH\u00f4pital Saint-Louis1 avenue Claude Vellefaux,75010 ParisFrance","og_url":"https:\/\/www.grrroh.fr\/en\/","og_site_name":"GrrrOH","article_publisher":"https:\/\/www.facebook.com\/permalink.php\/?story_fbid=104359804633887&id=104359294633938","article_modified_time":"2023-10-11T10:30:53+00:00","og_image":[{"url":"https:\/\/www.grrroh.fr\/wp-content\/uploads\/2020\/05\/GROUPE-OK-5273-1-1024x681.jpg","type":"","width":"","height":""}],"twitter_card":"summary_large_image","twitter_misc":{"Est. reading time":"1 minute"},"schema":{"@context":"https:\/\/schema.org","@graph":[{"@type":"WebPage","@id":"https:\/\/www.grrroh.fr\/en\/","url":"https:\/\/www.grrroh.fr\/en\/","name":"Study Group on Critically Ill Immunocompromised Patients","isPartOf":{"@id":"https:\/\/www.grrroh.fr\/#website"},"primaryImageOfPage":{"@id":"https:\/\/www.grrroh.fr\/en\/#primaryimage"},"image":{"@id":"https:\/\/www.grrroh.fr\/en\/#primaryimage"},"thumbnailUrl":"https:\/\/www.grrroh.fr\/wp-content\/uploads\/2020\/05\/GROUPE-OK-5273-1-1024x681.jpg","datePublished":"2020-03-12T19:23:27+00:00","dateModified":"2023-10-11T10:30:53+00:00","breadcrumb":{"@id":"https:\/\/www.grrroh.fr\/en\/#breadcrumb"},"inLanguage":"en-US","potentialAction":[{"@type":"ReadAction","target":["https:\/\/www.grrroh.fr\/en\/"]}]},{"@type":"ImageObject","inLanguage":"en-US","@id":"https:\/\/www.grrroh.fr\/en\/#primaryimage","url":"https:\/\/www.grrroh.fr\/wp-content\/uploads\/2020\/05\/GROUPE-OK-5273-1-1024x681.jpg","contentUrl":"https:\/\/www.grrroh.fr\/wp-content\/uploads\/2020\/05\/GROUPE-OK-5273-1-1024x681.jpg"},{"@type":"BreadcrumbList","@id":"https:\/\/www.grrroh.fr\/en\/#breadcrumb","itemListElement":[{"@type":"ListItem","position":1,"name":"Accueil","item":"https:\/\/www.grrroh.fr\/en\/"},{"@type":"ListItem","position":2,"name":"Study Group on Critically Ill Immunocompromised Patients"}]},{"@type":"WebSite","@id":"https:\/\/www.grrroh.fr\/#website","url":"https:\/\/www.grrroh.fr\/","name":"GrrrOH","description":"Study Group on Critically Ill Immunocompromised Patients","publisher":{"@id":"https:\/\/www.grrroh.fr\/#organization"},"potentialAction":[{"@type":"SearchAction","target":{"@type":"EntryPoint","urlTemplate":"https:\/\/www.grrroh.fr\/?s={search_term_string}"},"query-input":{"@type":"PropertyValueSpecification","valueRequired":true,"valueName":"search_term_string"}}],"inLanguage":"en-US"},{"@type":"Organization","@id":"https:\/\/www.grrroh.fr\/#organization","name":"Groupe de Recherche en R\u00e9animation Respiratoire du patient d\u2019Onco-H\u00e9matologie","url":"https:\/\/www.grrroh.fr\/","logo":{"@type":"ImageObject","inLanguage":"en-US","@id":"https:\/\/www.grrroh.fr\/#\/schema\/logo\/image\/","url":"https:\/\/www.grrroh.fr\/wp-content\/uploads\/2020\/04\/cropped-Grrroh-Signature.jpg","contentUrl":"https:\/\/www.grrroh.fr\/wp-content\/uploads\/2020\/04\/cropped-Grrroh-Signature.jpg","width":240,"height":119,"caption":"Groupe de Recherche en R\u00e9animation Respiratoire du patient d\u2019Onco-H\u00e9matologie"},"image":{"@id":"https:\/\/www.grrroh.fr\/#\/schema\/logo\/image\/"},"sameAs":["https:\/\/www.facebook.com\/permalink.php\/?story_fbid=104359804633887&id=104359294633938"]}]}},"coauthors":[],"author_meta":{"author_link":"https:\/\/www.grrroh.fr\/en\/author\/julien","display_name":"Julien Le Roy"},"relative_dates":{"created":"Posted 6 years ago","modified":"Updated 3 years ago"},"absolute_dates":{"created":"Posted on 12 March 2020","modified":"Updated on 11 October 2023"},"absolute_dates_time":{"created":"Posted on 12 March 2020 20 h 23 min","modified":"Updated on 11 October 2023 12 h 30 min"},"featured_img_caption":"","featured_img":false,"series_order":"","_links":{"self":[{"href":"https:\/\/www.grrroh.fr\/en\/wp-json\/wp\/v2\/pages\/6","targetHints":{"allow":["GET"]}}],"collection":[{"href":"https:\/\/www.grrroh.fr\/en\/wp-json\/wp\/v2\/pages"}],"about":[{"href":"https:\/\/www.grrroh.fr\/en\/wp-json\/wp\/v2\/types\/page"}],"author":[{"embeddable":true,"href":"https:\/\/www.grrroh.fr\/en\/wp-json\/wp\/v2\/users\/5"}],"replies":[{"embeddable":true,"href":"https:\/\/www.grrroh.fr\/en\/wp-json\/wp\/v2\/comments?post=6"}],"version-history":[{"count":0,"href":"https:\/\/www.grrroh.fr\/en\/wp-json\/wp\/v2\/pages\/6\/revisions"}],"wp:attachment":[{"href":"https:\/\/www.grrroh.fr\/en\/wp-json\/wp\/v2\/media?parent=6"}],"curies":[{"name":"wp","href":"https:\/\/api.w.org\/{rel}","templated":true}]}}